{"id":36,"date":"2025-11-07T06:57:18","date_gmt":"2025-11-07T05:57:18","guid":{"rendered":"https:\/\/serwer396036.lh.pl\/autoinstalator\/serwer396036.lh.pl\/wordpress140763\/?page_id=36"},"modified":"2025-11-08T09:14:34","modified_gmt":"2025-11-08T08:14:34","slug":"sklep","status":"publish","type":"page","link":"https:\/\/wmoimogrodzie.com\/index.php\/sklep\/","title":{"rendered":"Sklep"},"content":{"rendered":"\t\t<div data-elementor-type=\"wp-page\" data-elementor-id=\"36\" class=\"elementor elementor-36\">\n\t\t\t\t<div class=\"elementor-element elementor-element-72c3bd5 e-flex e-con-boxed e-con e-parent\" data-id=\"72c3bd5\" data-element_type=\"container\" data-e-type=\"container\">\n\t\t\t\t\t<div class=\"e-con-inner\">\n\t\t\t\t<div class=\"elementor-element elementor-element-dd6bd13 elementor-widget elementor-widget-heading\" data-id=\"dd6bd13\" data-element_type=\"widget\" data-e-type=\"widget\" data-widget_type=\"heading.default\">\n\t\t\t\t\t<h2 class=\"elementor-heading-title elementor-size-default\">Sklep z poradnikami ogrodowymi i ro\u015blinnymi <\/h2>\t\t\t\t<\/div>\n\t\t\t\t<div class=\"elementor-element elementor-element-ef638db elementor-widget elementor-widget-text-editor\" data-id=\"ef638db\" data-element_type=\"widget\" data-e-type=\"widget\" data-widget_type=\"text-editor.default\">\n\t\t\t\t\t\t\t\t\t<p><br \/>Poznaj nasze praktyczne e-booki i przewodniki, dzi\u0119ki kt\u00f3rym samodzielnie zaplanujesz, urz\u0105dzisz i zadbasz o sw\u00f3j ogr\u00f3d lub ro\u015bliny w domu.<\/p>\t\t\t\t\t\t\t\t<\/div>\n\t\t\t\t<div class=\"elementor-element elementor-element-a316aa6 elementor-widget elementor-widget-text-editor\" data-id=\"a316aa6\" data-element_type=\"widget\" data-e-type=\"widget\" data-widget_type=\"text-editor.default\">\n\t\t\t\t\t\t\t\t\t<p data-start=\"868\" data-end=\"1118\">Tworzymy z pasji do zieleni, zar\u00f3wno tej wok\u00f3\u0142 domu, jak i w jego wn\u0119trzu.<br data-start=\"943\" data-end=\"946\" \/>Nasze cyfrowe poradniki powsta\u0142y z my\u015bl\u0105 o osobach, kt\u00f3re chc\u0105 samodzielnie piel\u0119gnowa\u0107 ogr\u00f3d, projektowa\u0107 rabaty, dobiera\u0107 ro\u015bliny i tworzy\u0107 zielon\u0105 przestrze\u0144 wok\u00f3\u0142 siebie.<\/p><p data-start=\"1125\" data-end=\"1251\">\ud83d\udcd8 Wszystkie produkty dost\u0119pne s\u0105 na stronie po\u015bwi\u0119conej uprawie i piel\u0119gnacji ro\u015blin w domu <a href=\"https:\/\/annaskorupska.com\/sklep\/\"><strong data-start=\"1197\" data-end=\"1230\">annaskorupska.com<\/strong><\/a><\/p><p data-start=\"1125\" data-end=\"1251\"><strong>a poni\u017cej kilka z nich:<\/strong><\/p>\t\t\t\t\t\t\t\t<\/div>\n\t\t\t\t<div class=\"elementor-element elementor-element-df90696 elementor-widget elementor-widget-n-accordion\" data-id=\"df90696\" data-element_type=\"widget\" data-e-type=\"widget\" data-settings=\"{&quot;default_state&quot;:&quot;all_collapsed&quot;,&quot;max_items_expended&quot;:&quot;multiple&quot;,&quot;n_accordion_animation_duration&quot;:{&quot;unit&quot;:&quot;ms&quot;,&quot;size&quot;:300,&quot;sizes&quot;:[]}}\" data-widget_type=\"nested-accordion.default\">\n\t\t\t\t\t\t\t<div class=\"e-n-accordion\" aria-label=\"Accordion. Open links with Enter or Space, close with Escape, and navigate with Arrow Keys\">\n\t\t\t\t\t\t<details id=\"e-n-accordion-item-2340\" class=\"e-n-accordion-item\" >\n\t\t\t\t<summary class=\"e-n-accordion-item-title\" data-accordion-index=\"1\" tabindex=\"0\" aria-expanded=\"false\" aria-controls=\"e-n-accordion-item-2340\" >\n\t\t\t\t\t<span class='e-n-accordion-item-title-header'><p class=\"e-n-accordion-item-title-text\"> Darmowy Poradnik \"Drzewa w ogrodzie. Poradnik projektowy.\" <\/p><\/span>\n\t\t\t\t\t\t\t<span class='e-n-accordion-item-title-icon'>\n\t\t\t<span class='e-opened' ><svg aria-hidden=\"true\" class=\"e-font-icon-svg e-fas-minus\" viewBox=\"0 0 448 512\" xmlns=\"http:\/\/www.w3.org\/2000\/svg\"><path d=\"M416 208H32c-17.67 0-32 14.33-32 32v32c0 17.67 14.33 32 32 32h384c17.67 0 32-14.33 32-32v-32c0-17.67-14.33-32-32-32z\"><\/path><\/svg><\/span>\n\t\t\t<span class='e-closed'><svg aria-hidden=\"true\" class=\"e-font-icon-svg e-fas-plus\" viewBox=\"0 0 448 512\" xmlns=\"http:\/\/www.w3.org\/2000\/svg\"><path d=\"M416 208H272V64c0-17.67-14.33-32-32-32h-32c-17.67 0-32 14.33-32 32v144H32c-17.67 0-32 14.33-32 32v32c0 17.67 14.33 32 32 32h144v144c0 17.67 14.33 32 32 32h32c17.67 0 32-14.33 32-32V304h144c17.67 0 32-14.33 32-32v-32c0-17.67-14.33-32-32-32z\"><\/path><\/svg><\/span>\n\t\t<\/span>\n\n\t\t\t\t\t\t<\/summary>\n\t\t\t\t<div role=\"region\" aria-labelledby=\"e-n-accordion-item-2340\" class=\"elementor-element elementor-element-26e9808 e-con-full e-flex e-con e-child\" data-id=\"26e9808\" data-element_type=\"container\" data-e-type=\"container\">\n\t\t<div role=\"region\" aria-labelledby=\"e-n-accordion-item-2340\" class=\"elementor-element elementor-element-23025f4 e-flex e-con-boxed e-con e-child\" data-id=\"23025f4\" data-element_type=\"container\" data-e-type=\"container\">\n\t\t\t\t\t<div class=\"e-con-inner\">\n\t\t\t\t<div class=\"elementor-element elementor-element-eb37f55 elementor-widget elementor-widget-image\" data-id=\"eb37f55\" data-element_type=\"widget\" data-e-type=\"widget\" data-widget_type=\"image.default\">\n\t\t\t\t\t\t\t\t\t\t\t\t<figure class=\"wp-caption\">\n\t\t\t\t\t\t\t\t\t\t\t<a href=\"https:\/\/annaskorupska.com\/produkt\/drzewa-w-ogrodzie-poradnik-projektowy\/\">\n\t\t\t\t\t\t\t<img fetchpriority=\"high\" decoding=\"async\" width=\"211\" height=\"300\" src=\"https:\/\/wmoimogrodzie.com\/wp-content\/uploads\/2025\/11\/drzewa-w-ogrodzie.-Poradnik-projektowy.-Darmowy-poradnik-przewodnik-211x300.png\" class=\"attachment-medium size-medium wp-image-108\" alt=\"drzewa w ogrodzie darmowy poradnik projektowy anna skorupska w moim ogrodzie\" srcset=\"https:\/\/wmoimogrodzie.com\/wp-content\/uploads\/2025\/11\/drzewa-w-ogrodzie.-Poradnik-projektowy.-Darmowy-poradnik-przewodnik-211x300.png 211w, https:\/\/wmoimogrodzie.com\/wp-content\/uploads\/2025\/11\/drzewa-w-ogrodzie.-Poradnik-projektowy.-Darmowy-poradnik-przewodnik-722x1024.png 722w, https:\/\/wmoimogrodzie.com\/wp-content\/uploads\/2025\/11\/drzewa-w-ogrodzie.-Poradnik-projektowy.-Darmowy-poradnik-przewodnik-768x1090.png 768w, https:\/\/wmoimogrodzie.com\/wp-content\/uploads\/2025\/11\/drzewa-w-ogrodzie.-Poradnik-projektowy.-Darmowy-poradnik-przewodnik-1082x1536.png 1082w, https:\/\/wmoimogrodzie.com\/wp-content\/uploads\/2025\/11\/drzewa-w-ogrodzie.-Poradnik-projektowy.-Darmowy-poradnik-przewodnik.png 1198w\" sizes=\"100vw\" \/>\t\t\t\t\t\t\t\t<\/a>\n\t\t\t\t\t\t\t\t\t\t\t<figcaption class=\"widget-image-caption wp-caption-text\">Kliknij obrazek, \u017ceby pobra\u0107<\/figcaption>\n\t\t\t\t\t\t\t\t\t\t<\/figure>\n\t\t\t\t\t\t\t\t\t<\/div>\n\t\t\t\t\t<\/div>\n\t\t\t\t<\/div>\n\t\t\t\t<\/div>\n\t\t\t\t\t<\/details>\n\t\t\t\t\t\t<details id=\"e-n-accordion-item-2341\" class=\"e-n-accordion-item\" >\n\t\t\t\t<summary class=\"e-n-accordion-item-title\" data-accordion-index=\"2\" tabindex=\"-1\" aria-expanded=\"false\" aria-controls=\"e-n-accordion-item-2341\" >\n\t\t\t\t\t<span class='e-n-accordion-item-title-header'><p class=\"e-n-accordion-item-title-text\"> Szkicownik Ogrodowy. Rysuj, szkicuj, planuj. <\/p><\/span>\n\t\t\t\t\t\t\t<span class='e-n-accordion-item-title-icon'>\n\t\t\t<span class='e-opened' ><svg aria-hidden=\"true\" class=\"e-font-icon-svg e-fas-minus\" viewBox=\"0 0 448 512\" xmlns=\"http:\/\/www.w3.org\/2000\/svg\"><path d=\"M416 208H32c-17.67 0-32 14.33-32 32v32c0 17.67 14.33 32 32 32h384c17.67 0 32-14.33 32-32v-32c0-17.67-14.33-32-32-32z\"><\/path><\/svg><\/span>\n\t\t\t<span class='e-closed'><svg aria-hidden=\"true\" class=\"e-font-icon-svg e-fas-plus\" viewBox=\"0 0 448 512\" xmlns=\"http:\/\/www.w3.org\/2000\/svg\"><path d=\"M416 208H272V64c0-17.67-14.33-32-32-32h-32c-17.67 0-32 14.33-32 32v144H32c-17.67 0-32 14.33-32 32v32c0 17.67 14.33 32 32 32h144v144c0 17.67 14.33 32 32 32h32c17.67 0 32-14.33 32-32V304h144c17.67 0 32-14.33 32-32v-32c0-17.67-14.33-32-32-32z\"><\/path><\/svg><\/span>\n\t\t<\/span>\n\n\t\t\t\t\t\t<\/summary>\n\t\t\t\t<div role=\"region\" aria-labelledby=\"e-n-accordion-item-2341\" class=\"elementor-element elementor-element-6bd3952 e-con-full e-flex e-con e-child\" data-id=\"6bd3952\" data-element_type=\"container\" data-e-type=\"container\">\n\t\t<div role=\"region\" aria-labelledby=\"e-n-accordion-item-2341\" class=\"elementor-element elementor-element-c493c73 e-flex e-con-boxed e-con e-child\" data-id=\"c493c73\" data-element_type=\"container\" data-e-type=\"container\">\n\t\t\t\t\t<div class=\"e-con-inner\">\n\t\t\t\t<div class=\"elementor-element elementor-element-1964107 elementor-widget elementor-widget-image\" data-id=\"1964107\" data-element_type=\"widget\" data-e-type=\"widget\" data-widget_type=\"image.default\">\n\t\t\t\t\t\t\t\t\t\t\t\t<figure class=\"wp-caption\">\n\t\t\t\t\t\t\t\t\t\t\t<a href=\"https:\/\/annaskorupska.com\/produkt\/szkicownik-ogrodowy-rysuj-szkicuj-planuj-produkt-cyfrowy\/\">\n\t\t\t\t\t\t\t<img decoding=\"async\" width=\"211\" height=\"300\" src=\"https:\/\/wmoimogrodzie.com\/wp-content\/uploads\/2025\/11\/szkicownik-ogrodowy-211x300.png\" class=\"attachment-medium size-medium wp-image-110\" alt=\"szkicownik ogrodowy anna skorupska w moim ogrodzie jak zaprojektowac samemu ogr\u00f3d\" srcset=\"https:\/\/wmoimogrodzie.com\/wp-content\/uploads\/2025\/11\/szkicownik-ogrodowy-211x300.png 211w, https:\/\/wmoimogrodzie.com\/wp-content\/uploads\/2025\/11\/szkicownik-ogrodowy-721x1024.png 721w, https:\/\/wmoimogrodzie.com\/wp-content\/uploads\/2025\/11\/szkicownik-ogrodowy-768x1090.png 768w, https:\/\/wmoimogrodzie.com\/wp-content\/uploads\/2025\/11\/szkicownik-ogrodowy-1082x1536.png 1082w, https:\/\/wmoimogrodzie.com\/wp-content\/uploads\/2025\/11\/szkicownik-ogrodowy.png 1192w\" sizes=\"100vw\" \/>\t\t\t\t\t\t\t\t<\/a>\n\t\t\t\t\t\t\t\t\t\t\t<figcaption class=\"widget-image-caption wp-caption-text\">Kliknij obrazek, \u017ceby przej\u015b\u0107 do sklepu<\/figcaption>\n\t\t\t\t\t\t\t\t\t\t<\/figure>\n\t\t\t\t\t\t\t\t\t<\/div>\n\t\t\t\t\t<\/div>\n\t\t\t\t<\/div>\n\t\t\t\t<\/div>\n\t\t\t\t\t<\/details>\n\t\t\t\t\t\t<details id=\"e-n-accordion-item-2342\" class=\"e-n-accordion-item\" >\n\t\t\t\t<summary class=\"e-n-accordion-item-title\" data-accordion-index=\"3\" tabindex=\"-1\" aria-expanded=\"false\" aria-controls=\"e-n-accordion-item-2342\" >\n\t\t\t\t\t<span class='e-n-accordion-item-title-header'><p class=\"e-n-accordion-item-title-text\"> Darmowe Tabele do analizy terenu, \u015brodowiska <\/p><\/span>\n\t\t\t\t\t\t\t<span class='e-n-accordion-item-title-icon'>\n\t\t\t<span class='e-opened' ><svg aria-hidden=\"true\" class=\"e-font-icon-svg e-fas-minus\" viewBox=\"0 0 448 512\" xmlns=\"http:\/\/www.w3.org\/2000\/svg\"><path d=\"M416 208H32c-17.67 0-32 14.33-32 32v32c0 17.67 14.33 32 32 32h384c17.67 0 32-14.33 32-32v-32c0-17.67-14.33-32-32-32z\"><\/path><\/svg><\/span>\n\t\t\t<span class='e-closed'><svg aria-hidden=\"true\" class=\"e-font-icon-svg e-fas-plus\" viewBox=\"0 0 448 512\" xmlns=\"http:\/\/www.w3.org\/2000\/svg\"><path d=\"M416 208H272V64c0-17.67-14.33-32-32-32h-32c-17.67 0-32 14.33-32 32v144H32c-17.67 0-32 14.33-32 32v32c0 17.67 14.33 32 32 32h144v144c0 17.67 14.33 32 32 32h32c17.67 0 32-14.33 32-32V304h144c17.67 0 32-14.33 32-32v-32c0-17.67-14.33-32-32-32z\"><\/path><\/svg><\/span>\n\t\t<\/span>\n\n\t\t\t\t\t\t<\/summary>\n\t\t\t\t<div role=\"region\" aria-labelledby=\"e-n-accordion-item-2342\" class=\"elementor-element elementor-element-4bc2120 e-con-full e-flex e-con e-child\" data-id=\"4bc2120\" data-element_type=\"container\" data-e-type=\"container\">\n\t\t\t\t<div class=\"elementor-element elementor-element-310e2c7 elementor-widget elementor-widget-image\" data-id=\"310e2c7\" data-element_type=\"widget\" data-e-type=\"widget\" data-widget_type=\"image.default\">\n\t\t\t\t\t\t\t\t\t\t\t\t<figure class=\"wp-caption\">\n\t\t\t\t\t\t\t\t\t\t\t<a href=\"https:\/\/annaskorupska.com\/produkt\/darmowe-tabele-do-analizy-terenu-srodowiska-potrzeb-uzytkownika-i-stylu\/\">\n\t\t\t\t\t\t\t<img decoding=\"async\" width=\"209\" height=\"300\" src=\"https:\/\/wmoimogrodzie.com\/wp-content\/uploads\/2025\/11\/planowanie-ogrodu-darmowe-tabele-do-analizy-terenu--209x300.png\" class=\"attachment-medium size-medium wp-image-109\" alt=\"planowanie ogrodu darmowe tabele do analizy terenu w moim ogrodzie anna skorupska\" srcset=\"https:\/\/wmoimogrodzie.com\/wp-content\/uploads\/2025\/11\/planowanie-ogrodu-darmowe-tabele-do-analizy-terenu--209x300.png 209w, https:\/\/wmoimogrodzie.com\/wp-content\/uploads\/2025\/11\/planowanie-ogrodu-darmowe-tabele-do-analizy-terenu-.png 670w\" sizes=\"100vw\" \/>\t\t\t\t\t\t\t\t<\/a>\n\t\t\t\t\t\t\t\t\t\t\t<figcaption class=\"widget-image-caption wp-caption-text\">Kliknij w obrazek, \u017ceby pobra\u0107<\/figcaption>\n\t\t\t\t\t\t\t\t\t\t<\/figure>\n\t\t\t\t\t\t\t\t\t<\/div>\n\t\t\t\t<\/div>\n\t\t\t\t\t<\/details>\n\t\t\t\t\t\t<details id=\"e-n-accordion-item-2343\" class=\"e-n-accordion-item\" >\n\t\t\t\t<summary class=\"e-n-accordion-item-title\" data-accordion-index=\"4\" tabindex=\"-1\" aria-expanded=\"false\" aria-controls=\"e-n-accordion-item-2343\" >\n\t\t\t\t\t<span class='e-n-accordion-item-title-header'><p class=\"e-n-accordion-item-title-text\"> Nie przelewaj. Tajniki podlewania ro\u015blin domowych <\/p><\/span>\n\t\t\t\t\t\t\t<span class='e-n-accordion-item-title-icon'>\n\t\t\t<span class='e-opened' ><svg aria-hidden=\"true\" class=\"e-font-icon-svg e-fas-minus\" viewBox=\"0 0 448 512\" xmlns=\"http:\/\/www.w3.org\/2000\/svg\"><path d=\"M416 208H32c-17.67 0-32 14.33-32 32v32c0 17.67 14.33 32 32 32h384c17.67 0 32-14.33 32-32v-32c0-17.67-14.33-32-32-32z\"><\/path><\/svg><\/span>\n\t\t\t<span class='e-closed'><svg aria-hidden=\"true\" class=\"e-font-icon-svg e-fas-plus\" viewBox=\"0 0 448 512\" xmlns=\"http:\/\/www.w3.org\/2000\/svg\"><path d=\"M416 208H272V64c0-17.67-14.33-32-32-32h-32c-17.67 0-32 14.33-32 32v144H32c-17.67 0-32 14.33-32 32v32c0 17.67 14.33 32 32 32h144v144c0 17.67 14.33 32 32 32h32c17.67 0 32-14.33 32-32V304h144c17.67 0 32-14.33 32-32v-32c0-17.67-14.33-32-32-32z\"><\/path><\/svg><\/span>\n\t\t<\/span>\n\n\t\t\t\t\t\t<\/summary>\n\t\t\t\t<div role=\"region\" aria-labelledby=\"e-n-accordion-item-2343\" class=\"elementor-element elementor-element-4396e33 e-flex e-con-boxed e-con e-child\" data-id=\"4396e33\" data-element_type=\"container\" data-e-type=\"container\">\n\t\t\t\t\t<div class=\"e-con-inner\">\n\t\t<div role=\"region\" aria-labelledby=\"e-n-accordion-item-2343\" class=\"elementor-element elementor-element-8f99bb7 e-con-full e-flex e-con e-child\" data-id=\"8f99bb7\" data-element_type=\"container\" data-e-type=\"container\">\n\t\t\t\t<div class=\"elementor-element elementor-element-48d6d08 elementor-widget elementor-widget-image\" data-id=\"48d6d08\" data-element_type=\"widget\" data-e-type=\"widget\" data-widget_type=\"image.default\">\n\t\t\t\t\t\t\t\t\t\t\t\t<figure class=\"wp-caption\">\n\t\t\t\t\t\t\t\t\t\t\t<a href=\"https:\/\/annaskorupska.com\/produkt\/nie-przelewaj-tajniki-podlewania-roslin-domowych\/\">\n\t\t\t\t\t\t\t<img loading=\"lazy\" decoding=\"async\" width=\"210\" height=\"300\" src=\"https:\/\/wmoimogrodzie.com\/wp-content\/uploads\/2025\/11\/nie-przelewaj.-Tajniki-podlewania-roslin-domowych-210x300.webp\" class=\"attachment-medium size-medium wp-image-117\" alt=\"nie przelewaj. Tajniki podlewania ro\u015blin domowych anna skorupska make your life greener\" srcset=\"https:\/\/wmoimogrodzie.com\/wp-content\/uploads\/2025\/11\/nie-przelewaj.-Tajniki-podlewania-roslin-domowych-210x300.webp 210w, https:\/\/wmoimogrodzie.com\/wp-content\/uploads\/2025\/11\/nie-przelewaj.-Tajniki-podlewania-roslin-domowych.webp 400w\" sizes=\"100vw\" \/>\t\t\t\t\t\t\t\t<\/a>\n\t\t\t\t\t\t\t\t\t\t\t<figcaption class=\"widget-image-caption wp-caption-text\">Kliknij w obrazek, \u017ceby przej\u015b\u0107 do sklepu<\/figcaption>\n\t\t\t\t\t\t\t\t\t\t<\/figure>\n\t\t\t\t\t\t\t\t\t<\/div>\n\t\t\t\t<\/div>\n\t\t\t\t\t<\/div>\n\t\t\t\t<\/div>\n\t\t\t\t\t<\/details>\n\t\t\t\t\t<\/div>\n\t\t\t\t\t\t<\/div>\n\t\t\t\t<div class=\"elementor-element elementor-element-05802ca elementor-widget elementor-widget-heading\" data-id=\"05802ca\" data-element_type=\"widget\" data-e-type=\"widget\" data-widget_type=\"heading.default\">\n\t\t\t\t\t<h2 class=\"elementor-heading-title elementor-size-default\">Poradnik wydany z wydawnictwem Znak<\/h2>\t\t\t\t<\/div>\n\t\t\t\t<div class=\"elementor-element elementor-element-8134f7a elementor-widget elementor-widget-image\" data-id=\"8134f7a\" data-element_type=\"widget\" data-e-type=\"widget\" data-widget_type=\"image.default\">\n\t\t\t\t\t\t\t\t\t\t\t\t<figure class=\"wp-caption\">\n\t\t\t\t\t\t\t\t\t\t\t<a href=\"https:\/\/bit.ly\/4fxHeLC\">\n\t\t\t\t\t\t\t<img loading=\"lazy\" decoding=\"async\" width=\"402\" height=\"500\" src=\"https:\/\/wmoimogrodzie.com\/wp-content\/uploads\/2025\/11\/Skorupska_Niech-sie-zieleni_3Dgrzb_500pcx.webp\" class=\"attachment-large size-large wp-image-107\" alt=\"anna skorupska make your life greener niech sie zieleni ksi\u0105\u017cka wydawnictwo znak\" srcset=\"https:\/\/wmoimogrodzie.com\/wp-content\/uploads\/2025\/11\/Skorupska_Niech-sie-zieleni_3Dgrzb_500pcx.webp 402w, https:\/\/wmoimogrodzie.com\/wp-content\/uploads\/2025\/11\/Skorupska_Niech-sie-zieleni_3Dgrzb_500pcx-241x300.webp 241w\" sizes=\"100vw\" \/>\t\t\t\t\t\t\t\t<\/a>\n\t\t\t\t\t\t\t\t\t\t\t<figcaption class=\"widget-image-caption wp-caption-text\">Ksi\u0105\u017cka dost\u0119pna na stronie znak.com.pl oraz na p\u00f3\u0142kach Empiku i wi\u0119kszych ksi\u0119garni<\/figcaption>\n\t\t\t\t\t\t\t\t\t\t<\/figure>\n\t\t\t\t\t\t\t\t\t<\/div>\n\t\t\t\t\t<\/div>\n\t\t\t\t<\/div>\n\t\t<div class=\"elementor-element elementor-element-70e6c15 e-flex e-con-boxed e-con e-parent\" data-id=\"70e6c15\" data-element_type=\"container\" data-e-type=\"container\">\n\t\t\t\t\t<div class=\"e-con-inner\">\n\t\t\t\t<div class=\"elementor-element elementor-element-14bc37b elementor-widget elementor-widget-image\" data-id=\"14bc37b\" data-element_type=\"widget\" data-e-type=\"widget\" data-widget_type=\"image.default\">\n\t\t\t\t\t\t\t\t\t\t\t\t\t\t\t\t<a href=\"https:\/\/bit.ly\/4fxHeLC\">\n\t\t\t\t\t\t\t<img loading=\"lazy\" decoding=\"async\" width=\"525\" height=\"335\" src=\"https:\/\/wmoimogrodzie.com\/wp-content\/uploads\/2025\/11\/ksiazka-niech-sie-zieleni-anna-skorupska-opinie.webp\" class=\"attachment-large size-large wp-image-127\" alt=\"ksiazka niech sie zieleni anna skorupska opinie\" srcset=\"https:\/\/wmoimogrodzie.com\/wp-content\/uploads\/2025\/11\/ksiazka-niech-sie-zieleni-anna-skorupska-opinie.webp 800w, https:\/\/wmoimogrodzie.com\/wp-content\/uploads\/2025\/11\/ksiazka-niech-sie-zieleni-anna-skorupska-opinie-300x192.webp 300w, https:\/\/wmoimogrodzie.com\/wp-content\/uploads\/2025\/11\/ksiazka-niech-sie-zieleni-anna-skorupska-opinie-768x491.webp 768w\" sizes=\"100vw\" \/>\t\t\t\t\t\t\t\t<\/a>\n\t\t\t\t\t\t\t\t\t\t\t\t\t\t\t<\/div>\n\t\t\t\t\t<\/div>\n\t\t\t\t<\/div>\n\t\t\t\t<\/div>\n\t\t","protected":false},"excerpt":{"rendered":"<p>Sklep z poradnikami ogrodowymi i ro\u015blinnymi Poznaj nasze praktyczne e-booki i przewodniki, dzi\u0119ki kt\u00f3rym samodzielnie zaplanujesz, urz\u0105dzisz i zadbasz o sw\u00f3j ogr\u00f3d lub ro\u015bliny w domu. Tworzymy z pasji do zieleni, zar\u00f3wno tej wok\u00f3\u0142 domu, jak i w jego wn\u0119trzu.Nasze cyfrowe poradniki powsta\u0142y z my\u015bl\u0105 o osobach, kt\u00f3re chc\u0105 samodzielnie piel\u0119gnowa\u0107 ogr\u00f3d, projektowa\u0107 rabaty, dobiera\u0107 &hellip; <\/p>\n<p class=\"link-more\"><a href=\"https:\/\/wmoimogrodzie.com\/index.php\/sklep\/\" class=\"more-link\">Czytaj dalej<span class=\"screen-reader-text\"> \u201eSklep\u201d<\/span><\/a><\/p>\n","protected":false},"author":1,"featured_media":0,"parent":0,"menu_order":0,"comment_status":"closed","ping_status":"closed","template":"","meta":{"_kadence_starter_templates_imported_post":false,"footnotes":""},"class_list":["post-36","page","type-page","status-publish","hentry"],"_links":{"self":[{"href":"https:\/\/wmoimogrodzie.com\/index.php\/wp-json\/wp\/v2\/pages\/36","targetHints":{"allow":["GET"]}}],"collection":[{"href":"https:\/\/wmoimogrodzie.com\/index.php\/wp-json\/wp\/v2\/pages"}],"about":[{"href":"https:\/\/wmoimogrodzie.com\/index.php\/wp-json\/wp\/v2\/types\/page"}],"author":[{"embeddable":true,"href":"https:\/\/wmoimogrodzie.com\/index.php\/wp-json\/wp\/v2\/users\/1"}],"replies":[{"embeddable":true,"href":"https:\/\/wmoimogrodzie.com\/index.php\/wp-json\/wp\/v2\/comments?post=36"}],"version-history":[{"count":16,"href":"https:\/\/wmoimogrodzie.com\/index.php\/wp-json\/wp\/v2\/pages\/36\/revisions"}],"predecessor-version":[{"id":131,"href":"https:\/\/wmoimogrodzie.com\/index.php\/wp-json\/wp\/v2\/pages\/36\/revisions\/131"}],"wp:attachment":[{"href":"https:\/\/wmoimogrodzie.com\/index.php\/wp-json\/wp\/v2\/media?parent=36"}],"curies":[{"name":"wp","href":"https:\/\/api.w.org\/{rel}","templated":true}]}}