{"id":33,"date":"2025-11-07T06:57:18","date_gmt":"2025-11-07T05:57:18","guid":{"rendered":"https:\/\/serwer396036.lh.pl\/autoinstalator\/serwer396036.lh.pl\/wordpress140763\/?page_id=33"},"modified":"2025-11-13T12:21:05","modified_gmt":"2025-11-13T11:21:05","slug":"o-nas","status":"publish","type":"page","link":"https:\/\/wmoimogrodzie.com\/index.php\/o-nas\/","title":{"rendered":"O nas"},"content":{"rendered":"\n<p class=\"has-medium-font-size\"><strong>Tworzymy ogrody w zespole, bo dobry projekt to suma wiedzy z wielu dziedzin.<\/strong><\/p>\n\n\n\n<p>Jeste\u015bmy grup\u0105 specjalist\u00f3w, kt\u00f3rzy znaj\u0105 si\u0119 od czas\u00f3w studenckich i od lat pracuj\u0105 razem nad projektami ogrod\u00f3w. Ka\u017cdy z nas poszed\u0142 w inn\u0105 specjalizacj\u0119, bo szybko zrozumieli\u015bmy, \u017ce dobry projekt ogrodu to nie tylko ro\u015bliny. To suma wiedzy z wielu dziedzin. Nikt nie mo\u017ce by\u0107 ekspertem od wszystkiego, dlatego wzajemnie si\u0119 uzupe\u0142niamy i sprawdzamy.<\/p>\n\n\n\n<p>Co nas wyr\u00f3\u017cnia? Wszyscy mamy do\u015bwiadczenie w realizacji. Bo co innego narysowa\u0107 projekt na kartce, a co innego zobaczy\u0107, jak dzia\u0142a w terenie. W naszym zespole s\u0105 osoby, kt\u00f3re pracowa\u0142y przy budowie ogrod\u00f3w nie tylko w Polsce, ale r\u00f3wnie\u017c za granic\u0105. Wiedz\u0105, co si\u0119 sprawdzi, co wytrzyma, co b\u0119dzie wymaga\u0142o obs\u0142ugi, a co b\u0119dzie dzia\u0142a\u0107 samo. To do\u015bwiadczenie sprawia, \u017ce nasze projekty s\u0105 nie tylko pi\u0119kne na wizualizacjach, ale przede wszystkim funkcjonalne i trwa\u0142e w codziennym \u017cyciu.<\/p>\n\n\n\n<p>W zespole s\u0105 architekci krajobrazu, absolwenci SGGW w Warszawie, kt\u00f3rzy widz\u0105 przestrze\u0144 jako ca\u0142o\u015b\u0107. Specjali\u015bci od ro\u015blinno\u015bci, kt\u00f3rzy pracowali przy nasadzeniach i wiedz\u0105, jak ro\u015bliny zachowuj\u0105 si\u0119 w realnych warunkach. Eksperci od nawadniania, kt\u00f3rzy montowali systemy w\u0142asnor\u0119cznie i wiedz\u0105, co mo\u017ce p\u00f3j\u015b\u0107 nie tak. Specjali\u015bci od o\u015bwietlenia z do\u015bwiadczeniem w instalacjach, a nawet osoby, kt\u00f3re budowa\u0142y naturalne stawy k\u0105pielowe i wiedz\u0105, jak stworzy\u0107 idealny, wodny ekosystem.<\/p>\n\n\n\n<p>Dlaczego to ma dla Ciebie znaczenie? Bo gdy projektujemy Tw\u00f3j ogr\u00f3d, wiemy dok\u0142adnie, jak b\u0119dzie wygl\u0105da\u0142 za rok, pi\u0119\u0107, dziesi\u0119\u0107 lat. Wiemy, kt\u00f3re materia\u0142y si\u0119 sprawdz\u0105, kt\u00f3re ro\u015bliny poradz\u0105 sobie w Twoich warunkach, jak ustawi\u0107 system nawadniania, \u017ceby dzia\u0142a\u0142 bezproblemowo. Ka\u017cdy element jest przemy\u015blany przez osob\u0119, kt\u00f3ra nie tylko go zaprojektowa\u0142a, ale te\u017c widzia\u0142a (a cz\u0119sto w\u0142asnor\u0119cznie budowa\u0142a), jak dzia\u0142a w praktyce.<\/p>\n\n\n\n<figure class=\"wp-block-image size-large\"><img fetchpriority=\"high\" decoding=\"async\" width=\"1024\" height=\"711\" src=\"https:\/\/serwer396036.lh.pl\/autoinstalator\/serwer396036.lh.pl\/wordpress140763\/wp-content\/uploads\/2025\/11\/architekt-krajobrazu-anna-skorupska-1024x711.png\" alt=\"\" class=\"wp-image-299\" srcset=\"https:\/\/wmoimogrodzie.com\/wp-content\/uploads\/2025\/11\/architekt-krajobrazu-anna-skorupska-1024x711.png 1024w, https:\/\/wmoimogrodzie.com\/wp-content\/uploads\/2025\/11\/architekt-krajobrazu-anna-skorupska-300x208.png 300w, https:\/\/wmoimogrodzie.com\/wp-content\/uploads\/2025\/11\/architekt-krajobrazu-anna-skorupska-768x534.png 768w, https:\/\/wmoimogrodzie.com\/wp-content\/uploads\/2025\/11\/architekt-krajobrazu-anna-skorupska.png 1500w\" sizes=\"(max-width: 767px) 89vw, (max-width: 1000px) 54vw, (max-width: 1071px) 543px, 580px\" \/><figcaption class=\"wp-element-caption\">architekt krajobrazu Anna Skorupska<\/figcaption><\/figure>\n\n\n\n<p>Jestem Anna, architektka krajobrazu po SGGW w Warszawie. Koordynuj\u0119 nasz\u0105 prac\u0105 zespo\u0142ow\u0105. Projektuj\u0119 od ponad 16 lat. Lubi\u0119 projektowa\u0107 ma\u0142e, miejskie ogrody, poniewa\u017c to one s\u0105 najbardziej wymagaj\u0105ce. Kocham prostot\u0119 i \u0142ad w przestrzeni, ale gdy s\u0105 prze\u0142amane bujn\u0105 zieleni\u0105. Dbam o to, by moje ogrody by\u0142y r\u00f3\u017cnorodne, pe\u0142ne zieleni oraz kwiat\u00f3w, chocia\u017c nie gardz\u0119 prostymi formami ro\u015blinnymi. Staram si\u0119 je\u017adzi\u0107 po \u015awiecie w poszukiwaniu inspiracji, by by\u0107 na bie\u017c\u0105co w trendach nie tylko w projektowaniu ogrod\u00f3w, ale r\u00f3wnie\u017c wn\u0119trz i wzornictwa przemys\u0142owego. Odwiedzam takie wystawy jak Chelsea Flower Show w Londynie, RHS Hampton Count Palace Garden Festival, Bloom Festiwal w Dublinie, DesignWeek i Designblok w Pradze. Lubi\u0119 dzieli\u0107 si\u0119 swoj\u0105 pasj\u0105, wiedz\u0105 i do\u015bwiadczeniem, by kolejne, m\u0142ode pokolenia architekt\u00f3w krajobrazu, domowi ogrodnicy i dzia\u0142kowcy mogli uczy\u0107 si\u0119 na cudzych b\u0142\u0119dach. Chc\u0119 r\u00f3wnie\u017c, by spo\u0142ecze\u0144stwo u\u015bwiadomi\u0142o sobie, jak ci\u0119\u017ck\u0105 prac\u0119 wykonuj\u0105 architekci krajobrazu, by m\u00f3c stworzy\u0107 przestrze\u0144, kt\u00f3ra sprawia, \u017ce im i ich najbli\u017cszym \u017cyje si\u0119 lepiej.<\/p>\n\n\n\n<p><strong><strong>Nagrody, publikacje, wyr\u00f3\u017cnienia:<\/strong><\/strong><\/p>\n\n\n\n<p>2025- Wywiad dla Polskiego Radia CZW\u00d3RKA<\/p>\n\n\n\n<p>2025- Wizyta w roli ro\u015blinnego eksperta w studiu Polsat<\/p>\n\n\n\n<p>2025- Wizyta w roli ro\u015blinnego eksperta w studiu Pytanie na \u015aniadanie<\/p>\n\n\n\n<p>2024- Wywiad dla Polskiego Radia CZW\u00d3RKA oraz Radia Jedynka<\/p>\n\n\n\n<p>2024 \u2013 Wizyta w roli ro\u015blinnego eksperta w Studio Dzie\u0144 Dobry TVN<\/p>\n\n\n\n<p>2024- Wywiad dla Chwila dla Ciebie<\/p>\n\n\n\n<p>2024 \u2013 Wizyta w studio Pytanie na \u015aniadanie<\/p>\n\n\n\n<p>2023 \u2013 Publikacja projektu zagospodarowania ogrodu na dachu w magazynie LABEL<\/p>\n\n\n\n<p>2023 -Wizyta w roli ro\u015blinnego eksperta w Studio Dzie\u0144 Dobry TVN<\/p>\n\n\n\n<p>2022- Wizyta w&nbsp;roli ro\u015blinnego eksperta&nbsp;w Studio Dzie\u0144 Dobry TVN<\/p>\n\n\n\n<p>2021- Wywiad do Wysokich Obcas\u00f3w Extra<a href=\"https:\/\/www.blogger.com\/blog\/page\/edit\/8667453708338850420\/1260468366676622234#\">&nbsp;<u>https:\/\/bit.ly\/3NLuu5N<\/u><\/a><\/p>\n\n\n\n<p>2021- Dwukrotna wizyta&nbsp;w roli ro\u015blinnego eksperta w&nbsp;Studio Dzie\u0144 Dobry TVN<\/p>\n\n\n\n<p>2021- Wyst\u0105pienie w reporta\u017cu TVN o mi\u0142o\u015bnikach ro\u015blin&nbsp;<a href=\"https:\/\/www.blogger.com\/blog\/page\/edit\/8667453708338850420\/1260468366676622234#\">https:\/\/bit.ly\/3r2Qq2R<\/a><\/p>\n\n\n\n<p>2021- Go\u015bcinne wyst\u0105pienie na kanale Kuchni Lidla&nbsp;<a href=\"https:\/\/www.blogger.com\/blog\/page\/edit\/8667453708338850420\/1260468366676622234#\">https:\/\/bit.ly\/3sFkfpM<\/a><\/p>\n\n\n\n<p>2020- Wywiad dla TOKFM&nbsp;<a href=\"https:\/\/www.blogger.com\/blog\/page\/edit\/8667453708338850420\/1260468366676622234#\">https:\/\/tiny.pl\/7d8lp<\/a><\/p>\n\n\n\n<p>2020- Wywiad dla Polskiego Radia CZW\u00d3RKA&nbsp;<a href=\"https:\/\/www.blogger.com\/blog\/page\/edit\/8667453708338850420\/1260468366676622234#\">https:\/\/tiny.pl\/7d8l5<\/a><\/p>\n\n\n\n<p>2020- Kilka s\u0142\u00f3w dla LABEL Magazine&nbsp;<a href=\"https:\/\/www.blogger.com\/blog\/page\/edit\/8667453708338850420\/1260468366676622234#\">https:\/\/tiny.pl\/7d8l8<\/a><\/p>\n\n\n\n<p>2019- Projekt i budowa ogrodu pokazowego na Targach Gardenia w Poznaniu<\/p>\n\n\n\n<p>2018- Projekt i budowa ogrodu pokazowego na Targach Gardenia w Poznaniu<\/p>\n\n\n\n<p>2018- Wyr\u00f3\u017cnienie w konkursie Polski Krajobraz XXL za najlepsz\u0105 realizacj\u0119 ogrodu<\/p>\n\n\n\n<p>2016- Wyr\u00f3\u017cnienie w konkursie Polski Krajobraz XXL za najlepsz\u0105 realizacj\u0119 ogrodu<\/p>\n\n\n\n<p>2014- Wywiad dla Magazynu Joy<\/p>\n\n\n\n<p>2011- Wyr\u00f3\u017cnienie w og\u00f3lnopolskim konkursie \u201cPrzywr\u00f3\u0107 dawny blask- konkurs na projekt \u017cywej \u015bciany\u201d organizowany przez portal www.ArchitekturaKrajobrazu.info oraz czasopismo Ogrodowa Galeria Design &amp; Shopping.<\/p>\n\n\n\n<p>2011- Wywiad dla Gazety Wyborczej<\/p>\n\n\n\n<p>2006- Wyr\u00f3\u017cnienie koordynator\u00f3w Programu Ryckiego za opracowanie projektu \u201cKoncepcji Zagospodarowania Parku w Sobieszynie-Brzozowej w kategorii \u201d O\u015brodek Szkolno- Wypoczynkowy\u201d<\/p>\n","protected":false},"excerpt":{"rendered":"<p>Tworzymy ogrody w zespole, bo dobry projekt to suma wiedzy z wielu dziedzin. Jeste\u015bmy grup\u0105 specjalist\u00f3w, kt\u00f3rzy znaj\u0105 si\u0119 od czas\u00f3w studenckich i od lat pracuj\u0105 razem nad projektami ogrod\u00f3w. Ka\u017cdy z nas poszed\u0142 w inn\u0105 specjalizacj\u0119, bo szybko zrozumieli\u015bmy, \u017ce dobry projekt ogrodu to nie tylko ro\u015bliny. To suma wiedzy z wielu dziedzin. Nikt &hellip; <\/p>\n<p class=\"link-more\"><a href=\"https:\/\/wmoimogrodzie.com\/index.php\/o-nas\/\" class=\"more-link\">Czytaj dalej<span class=\"screen-reader-text\"> \u201eO nas\u201d<\/span><\/a><\/p>\n","protected":false},"author":1,"featured_media":0,"parent":0,"menu_order":0,"comment_status":"closed","ping_status":"closed","template":"","meta":{"_kadence_starter_templates_imported_post":false,"footnotes":""},"class_list":["post-33","page","type-page","status-publish","hentry"],"_links":{"self":[{"href":"https:\/\/wmoimogrodzie.com\/index.php\/wp-json\/wp\/v2\/pages\/33","targetHints":{"allow":["GET"]}}],"collection":[{"href":"https:\/\/wmoimogrodzie.com\/index.php\/wp-json\/wp\/v2\/pages"}],"about":[{"href":"https:\/\/wmoimogrodzie.com\/index.php\/wp-json\/wp\/v2\/types\/page"}],"author":[{"embeddable":true,"href":"https:\/\/wmoimogrodzie.com\/index.php\/wp-json\/wp\/v2\/users\/1"}],"replies":[{"embeddable":true,"href":"https:\/\/wmoimogrodzie.com\/index.php\/wp-json\/wp\/v2\/comments?post=33"}],"version-history":[{"count":4,"href":"https:\/\/wmoimogrodzie.com\/index.php\/wp-json\/wp\/v2\/pages\/33\/revisions"}],"predecessor-version":[{"id":301,"href":"https:\/\/wmoimogrodzie.com\/index.php\/wp-json\/wp\/v2\/pages\/33\/revisions\/301"}],"wp:attachment":[{"href":"https:\/\/wmoimogrodzie.com\/index.php\/wp-json\/wp\/v2\/media?parent=33"}],"curies":[{"name":"wp","href":"https:\/\/api.w.org\/{rel}","templated":true}]}}