{"id":16,"date":"2025-11-07T06:51:16","date_gmt":"2025-11-07T05:51:16","guid":{"rendered":"https:\/\/serwer396036.lh.pl\/autoinstalator\/serwer396036.lh.pl\/wordpress140763\/?page_id=16"},"modified":"2025-11-17T08:38:15","modified_gmt":"2025-11-17T07:38:15","slug":"blog","status":"publish","type":"page","link":"https:\/\/wmoimogrodzie.com\/index.php\/blog\/","title":{"rendered":"Blog"},"content":{"rendered":"\n<div class=\"wp-block-group\"><div class=\"wp-block-group__inner-container is-layout-constrained wp-block-group-is-layout-constrained\">\n<div class=\"wp-block-columns is-layout-flex wp-container-core-columns-is-layout-9d6595d7 wp-block-columns-is-layout-flex\">\n<div class=\"wp-block-column is-layout-flow wp-block-column-is-layout-flow\" style=\"flex-basis:100%\">\n<div class=\"wp-block-query is-layout-flow wp-block-query-is-layout-flow\"><ul class=\"wp-block-post-template is-layout-flow wp-block-post-template-is-layout-flow\"><li class=\"wp-block-post post-525 post type-post status-publish format-standard hentry category-aranzacje-inspiracje category-architektura-ogrodowa category-bez-kategorii category-budowa-ogrodu category-pielegnacja-ogrodu category-pomysly-na-rabaty-ogrodowe category-projektowanie-ogrodu tag-cena-projektu-ogrodu tag-co-posadzic-obok-szalwii tag-ile-kosztuje-ogrod tag-ile-kosztuje-projekt-ogrodu tag-ile-kosztuje-wykonanie-ogrodu tag-jak-zaprojektowac-ogrod tag-jak-zaprojektowac-samemu-ogrod tag-jaki-posadzic-zywoplot tag-jakie-posadzic-byliny-w-ogrodzie tag-jakie-posadzic-drzewa-w-ogrodzie tag-jakie-posadzic-krzewy-w-ogrodzie tag-jakie-posadzic-rosliny-w-ogrodzie tag-jakie-posadzic-trawy-w-ogrodzie tag-jakie-rosliny-na-zywoplot tag-konsultacje-ogrodowe-online tag-konsultacje-ogrodowe-z-architektem-ogrodow tag-ogrod tag-ogrod-pokazowy tag-ogrod-z-szalwia tag-ogrodowe-inspiracje tag-ogrody-z-szalwia tag-planowanie-ogrodu tag-pomoc-w-projektowaniu-ogrodu tag-projektowanie-ogrodu tag-projektowanie-ogrodu-krok-po-kroku tag-rabaty-z-szalwia tag-zakladanie-ogrodu\">\n\n<div class=\"wp-block-columns are-vertically-aligned-center is-layout-flex wp-container-core-columns-is-layout-9d6595d7 wp-block-columns-is-layout-flex\">\n<div class=\"wp-block-column is-vertically-aligned-center is-layout-flow wp-block-column-is-layout-flow\" style=\"flex-basis:25%\"><\/div>\n\n\n\n<div class=\"wp-block-column is-vertically-aligned-center is-layout-flow wp-block-column-is-layout-flow\" style=\"flex-basis:75%\"><h2 class=\"wp-block-post-title\"><a href=\"https:\/\/wmoimogrodzie.com\/index.php\/2026\/02\/17\/konsultacja-ogrodowa-czy-to-sie-oplaca-jak-miec-piekny-ogrod-bez-kosztownych-bledow\/\" target=\"_self\" >Konsultacja ogrodowa \u2013 czy to si\u0119 op\u0142aca? Jak mie\u0107 pi\u0119kny ogr\u00f3d bez kosztownych b\u0142\u0119d\u00f3w.<\/a><\/h2><\/div>\n<\/div>\n\n<\/li><li class=\"wp-block-post post-488 post type-post status-publish format-standard has-post-thumbnail hentry category-aranzacje-inspiracje category-pomysly-na-rabaty-ogrodowe category-projektowanie-ogrodu tag-co-posadzic-obok-szalwii tag-co-posadzic-z-szalwia-omszona tag-kompozycje-z-szalwia tag-ogrod-z-szalwia tag-ogrody-z-szalwia tag-rabaty-z-szalwia\">\n\n<div class=\"wp-block-columns are-vertically-aligned-center is-layout-flex wp-container-core-columns-is-layout-9d6595d7 wp-block-columns-is-layout-flex\">\n<div class=\"wp-block-column is-vertically-aligned-center is-layout-flow wp-block-column-is-layout-flow\" style=\"flex-basis:25%\"><figure class=\"wp-block-post-featured-image\"><a href=\"https:\/\/wmoimogrodzie.com\/index.php\/2025\/11\/24\/co-posadzic-z-szalwia-omszona-najlepsze-rosliny-do-kompozycji-13-przykladow-zestawien-roslinnych\/\" target=\"_self\"  ><img fetchpriority=\"high\" decoding=\"async\" width=\"1200\" height=\"628\" src=\"https:\/\/wmoimogrodzie.com\/wp-content\/uploads\/2025\/11\/z-czym-sadzic-komponowac-szalwie-omszone-w-ogrodzie.webp\" class=\"attachment-post-thumbnail size-post-thumbnail wp-post-image\" alt=\"Co posadzi\u0107 z sza\u0142wi\u0105 omszon\u0105. Najlepsze ro\u015bliny do kompozycji. 13 przyk\u0142ad\u00f3w zestawie\u0144 ro\u015blinnych\" style=\"object-fit:cover;\" srcset=\"https:\/\/wmoimogrodzie.com\/wp-content\/uploads\/2025\/11\/z-czym-sadzic-komponowac-szalwie-omszone-w-ogrodzie.webp 1200w, https:\/\/wmoimogrodzie.com\/wp-content\/uploads\/2025\/11\/z-czym-sadzic-komponowac-szalwie-omszone-w-ogrodzie-300x157.webp 300w, https:\/\/wmoimogrodzie.com\/wp-content\/uploads\/2025\/11\/z-czym-sadzic-komponowac-szalwie-omszone-w-ogrodzie-1024x536.webp 1024w, https:\/\/wmoimogrodzie.com\/wp-content\/uploads\/2025\/11\/z-czym-sadzic-komponowac-szalwie-omszone-w-ogrodzie-768x402.webp 768w\" sizes=\"100vw\" \/><\/a><\/figure><\/div>\n\n\n\n<div class=\"wp-block-column is-vertically-aligned-center is-layout-flow wp-block-column-is-layout-flow\" style=\"flex-basis:75%\"><h2 class=\"wp-block-post-title\"><a href=\"https:\/\/wmoimogrodzie.com\/index.php\/2025\/11\/24\/co-posadzic-z-szalwia-omszona-najlepsze-rosliny-do-kompozycji-13-przykladow-zestawien-roslinnych\/\" target=\"_self\" >Co posadzi\u0107 z sza\u0142wi\u0105 omszon\u0105. Najlepsze ro\u015bliny do kompozycji. 13 przyk\u0142ad\u00f3w zestawie\u0144 ro\u015blinnych<\/a><\/h2><\/div>\n<\/div>\n\n<\/li><li class=\"wp-block-post post-478 post type-post status-publish format-standard has-post-thumbnail hentry category-aranzacje-inspiracje category-projektowanie-ogrodu tag-jak-zaprojektowac-samemu-ogrod tag-ogrodowe-inspiracje tag-projektowanie-ogrodu tag-projektowanie-ogrodu-krok-po-kroku\">\n\n<div class=\"wp-block-columns are-vertically-aligned-center is-layout-flex wp-container-core-columns-is-layout-9d6595d7 wp-block-columns-is-layout-flex\">\n<div class=\"wp-block-column is-vertically-aligned-center is-layout-flow wp-block-column-is-layout-flow\" style=\"flex-basis:25%\"><figure class=\"wp-block-post-featured-image\"><a href=\"https:\/\/wmoimogrodzie.com\/index.php\/2025\/11\/23\/dlaczego-niektore-ogrody-wygladaja-jak-z-katalogu-a-inne-tandetnie-jak-samemu-zaprojektowac-ogrod-jak-profesjonalista\/\" target=\"_self\"  ><img decoding=\"async\" width=\"1200\" height=\"628\" src=\"https:\/\/wmoimogrodzie.com\/wp-content\/uploads\/2025\/11\/ogord-jak-od-projektanta-jak-samemu-zaprojektowac-ogrod.png\" class=\"attachment-post-thumbnail size-post-thumbnail wp-post-image\" alt=\"Dlaczego niekt\u00f3re ogrody wygl\u0105daj\u0105 jak z katalogu, a inne strasz\u0105? Jak samemu zaprojektowa\u0107 ogr\u00f3d jak profesjonalista\" style=\"object-fit:cover;\" srcset=\"https:\/\/wmoimogrodzie.com\/wp-content\/uploads\/2025\/11\/ogord-jak-od-projektanta-jak-samemu-zaprojektowac-ogrod.png 1200w, https:\/\/wmoimogrodzie.com\/wp-content\/uploads\/2025\/11\/ogord-jak-od-projektanta-jak-samemu-zaprojektowac-ogrod-300x157.png 300w, https:\/\/wmoimogrodzie.com\/wp-content\/uploads\/2025\/11\/ogord-jak-od-projektanta-jak-samemu-zaprojektowac-ogrod-1024x536.png 1024w, https:\/\/wmoimogrodzie.com\/wp-content\/uploads\/2025\/11\/ogord-jak-od-projektanta-jak-samemu-zaprojektowac-ogrod-768x402.png 768w\" sizes=\"100vw\" \/><\/a><\/figure><\/div>\n\n\n\n<div class=\"wp-block-column is-vertically-aligned-center is-layout-flow wp-block-column-is-layout-flow\" style=\"flex-basis:75%\"><h2 class=\"wp-block-post-title\"><a href=\"https:\/\/wmoimogrodzie.com\/index.php\/2025\/11\/23\/dlaczego-niektore-ogrody-wygladaja-jak-z-katalogu-a-inne-tandetnie-jak-samemu-zaprojektowac-ogrod-jak-profesjonalista\/\" target=\"_self\" >Dlaczego niekt\u00f3re ogrody wygl\u0105daj\u0105 jak z katalogu, a inne strasz\u0105? Jak samemu zaprojektowa\u0107 ogr\u00f3d jak profesjonalista<\/a><\/h2><\/div>\n<\/div>\n\n<\/li><\/ul><\/div>\n<\/div>\n<\/div>\n\n\n\n<p><\/p>\n<\/div><\/div>\n\n\n<ul class=\"wp-block-latest-posts__list wp-block-latest-posts\"><li><a class=\"wp-block-latest-posts__post-title\" href=\"https:\/\/wmoimogrodzie.com\/index.php\/2026\/02\/17\/konsultacja-ogrodowa-czy-to-sie-oplaca-jak-miec-piekny-ogrod-bez-kosztownych-bledow\/\">Konsultacja ogrodowa \u2013 czy to si\u0119 op\u0142aca? Jak mie\u0107 pi\u0119kny ogr\u00f3d bez kosztownych b\u0142\u0119d\u00f3w.<\/a><\/li>\n<li><a class=\"wp-block-latest-posts__post-title\" href=\"https:\/\/wmoimogrodzie.com\/index.php\/2025\/11\/24\/co-posadzic-z-szalwia-omszona-najlepsze-rosliny-do-kompozycji-13-przykladow-zestawien-roslinnych\/\">Co posadzi\u0107 z sza\u0142wi\u0105 omszon\u0105. Najlepsze ro\u015bliny do kompozycji. 13 przyk\u0142ad\u00f3w zestawie\u0144 ro\u015blinnych<\/a><\/li>\n<li><a class=\"wp-block-latest-posts__post-title\" href=\"https:\/\/wmoimogrodzie.com\/index.php\/2025\/11\/23\/dlaczego-niektore-ogrody-wygladaja-jak-z-katalogu-a-inne-tandetnie-jak-samemu-zaprojektowac-ogrod-jak-profesjonalista\/\">Dlaczego niekt\u00f3re ogrody wygl\u0105daj\u0105 jak z katalogu, a inne strasz\u0105? Jak samemu zaprojektowa\u0107 ogr\u00f3d jak profesjonalista<\/a><\/li>\n<li><a class=\"wp-block-latest-posts__post-title\" href=\"https:\/\/wmoimogrodzie.com\/index.php\/2025\/11\/17\/brak-pomyslu-na-ogrod-poradnik-dla-niezdecydowanych-w-projektowaniu-ogrodu\/\">Brak pomys\u0142u na ogr\u00f3d? Poradnik dla niezdecydowanych w projektowaniu ogrodu<\/a><\/li>\n<li><a class=\"wp-block-latest-posts__post-title\" href=\"https:\/\/wmoimogrodzie.com\/index.php\/2025\/11\/17\/ciekawe-pomysly-na-pusta-sciane-w-ogrodzie\/\">Ciekawe pomys\u0142y na pust\u0105 \u015bcian\u0119 w ogrodzie.<\/a><\/li>\n<\/ul>","protected":false},"excerpt":{"rendered":"","protected":false},"author":1,"featured_media":422,"parent":0,"menu_order":0,"comment_status":"closed","ping_status":"closed","template":"","meta":{"_kadence_starter_templates_imported_post":false,"footnotes":""},"class_list":["post-16","page","type-page","status-publish","has-post-thumbnail","hentry"],"_links":{"self":[{"href":"https:\/\/wmoimogrodzie.com\/index.php\/wp-json\/wp\/v2\/pages\/16","targetHints":{"allow":["GET"]}}],"collection":[{"href":"https:\/\/wmoimogrodzie.com\/index.php\/wp-json\/wp\/v2\/pages"}],"about":[{"href":"https:\/\/wmoimogrodzie.com\/index.php\/wp-json\/wp\/v2\/types\/page"}],"author":[{"embeddable":true,"href":"https:\/\/wmoimogrodzie.com\/index.php\/wp-json\/wp\/v2\/users\/1"}],"replies":[{"embeddable":true,"href":"https:\/\/wmoimogrodzie.com\/index.php\/wp-json\/wp\/v2\/comments?post=16"}],"version-history":[{"count":7,"href":"https:\/\/wmoimogrodzie.com\/index.php\/wp-json\/wp\/v2\/pages\/16\/revisions"}],"predecessor-version":[{"id":474,"href":"https:\/\/wmoimogrodzie.com\/index.php\/wp-json\/wp\/v2\/pages\/16\/revisions\/474"}],"wp:featuredmedia":[{"embeddable":true,"href":"https:\/\/wmoimogrodzie.com\/index.php\/wp-json\/wp\/v2\/media\/422"}],"wp:attachment":[{"href":"https:\/\/wmoimogrodzie.com\/index.php\/wp-json\/wp\/v2\/media?parent=16"}],"curies":[{"name":"wp","href":"https:\/\/api.w.org\/{rel}","templated":true}]}}