{"id":15,"date":"2025-11-07T06:51:16","date_gmt":"2025-11-07T05:51:16","guid":{"rendered":"https:\/\/serwer396036.lh.pl\/autoinstalator\/serwer396036.lh.pl\/wordpress140763\/?page_id=15"},"modified":"2025-11-09T14:35:39","modified_gmt":"2025-11-09T13:35:39","slug":"kontakt","status":"publish","type":"page","link":"https:\/\/wmoimogrodzie.com\/index.php\/kontakt\/","title":{"rendered":"Kontakt"},"content":{"rendered":"\t\t<div data-elementor-type=\"wp-page\" data-elementor-id=\"15\" class=\"elementor elementor-15\">\n\t\t\t\t<div class=\"elementor-element elementor-element-67a9ecfc e-flex e-con-boxed e-con e-parent\" data-id=\"67a9ecfc\" data-element_type=\"container\" data-e-type=\"container\">\n\t\t\t\t\t<div class=\"e-con-inner\">\n\t\t\t\t<div class=\"elementor-element elementor-element-2338b717 elementor-widget elementor-widget-text-editor\" data-id=\"2338b717\" data-element_type=\"widget\" data-e-type=\"widget\" data-widget_type=\"text-editor.default\">\n\t\t\t\t\t\t\t\t\t<div>Z przyjemno\u015bci\u0105 odpowiemy na wszystkie pytania dotycz\u0105ce projektowania i aran\u017cacji ogrod\u00f3w.\u00a0<\/div>\n<div>\u00a0<\/div>\n<div>W Moim Ogrodzie<\/div>\n<div><b> \ud83d\udce7 E-mail: biuro@wmoimogrodzie.com<\/b><\/div>\n<div><b>\ud83d\udcde\u00a0Tel.: +48 502 358 795 \/ 505 317 339<\/b><\/div>\n<div><br data-start=\"1551\" data-end=\"1554\" \/>\ud83d\udd52\u00a0Poniedzia\u0142ek\u2013Pi\u0105tek: 10:00\u201318:00<\/div>\n<div>\ud83d\udd52\u00a0Sobota: 10:00\u201312:00<\/div>\n<div>\u00a0<\/div>\n<div>Na maile zwykle odpowiadamy w ci\u0105gu 1-2 dni roboczych<\/div>\n<div>\u00a0<\/div>\n<div>Zale\u017cy nam, aby ka\u017cda wiadomo\u015b\u0107 od Pa\u0144stwa zosta\u0142a zauwa\u017cona, dlatego prosimy o kontakt <strong>wy\u0142\u0105cznie mailowy<\/strong> lub <strong>przez formularz<\/strong> na stronie. W mediach spo\u0142eczno\u015bciowych (Facebook, Instagram) otrzymujemy bardzo du\u017co wiadomo\u015bci i nie zawsze jeste\u015bmy w stanie na wszystkie odpowiedzie\u0107.<\/div>\n<div><br data-start=\"598\" data-end=\"601\" \/>Dzi\u0119kujemy za zrozumienie<\/div>\n<div>\u00a0<\/div>\n<div><strong data-start=\"438\" data-end=\"487\">Zg\u0142oszenie projektu ogrodu \/ bezp\u0142atna wycena<\/strong><br data-start=\"487\" data-end=\"490\" \/>Wype\u0142nij poni\u017cszy formularz, a przygotujemy dla Ciebie wst\u0119pn\u0105 wycen\u0119 projektu ogrodu.<br data-start=\"576\" data-end=\"579\" \/>Im wi\u0119cej szczeg\u00f3\u0142\u00f3w podasz, tym dok\u0142adniej oszacujemy koszt i czas realizacji<\/div>\n<div>\u00a0<\/div>\n<p><!-- \/wp:paragraph --><\/p>\t\t\t\t\t\t\t\t<\/div>\n\t\t\t\t<div class=\"elementor-element elementor-element-abb000b elementor-widget elementor-widget-wpforms\" data-id=\"abb000b\" data-element_type=\"widget\" data-e-type=\"widget\" data-widget_type=\"wpforms.default\">\n\t\t\t\t<div class=\"elementor-widget-container\">\n\t\t\t\t\t<style id=\"wpforms-css-vars-elementor-widget-abb000b\">\n\t\t\t\t.elementor-widget-wpforms.elementor-element-abb000b {\n\t\t\t\t--wpforms-field-size-input-height: 31px;\n--wpforms-field-size-input-spacing: 10px;\n--wpforms-field-size-font-size: 14px;\n--wpforms-field-size-line-height: 17px;\n--wpforms-field-size-padding-h: 9px;\n--wpforms-field-size-checkbox-size: 14px;\n--wpforms-field-size-sublabel-spacing: 5px;\n--wpforms-field-size-icon-size: 0.75;\n--wpforms-label-size-font-size: 14px;\n--wpforms-label-size-line-height: 17px;\n--wpforms-label-size-sublabel-font-size: 13px;\n--wpforms-label-size-sublabel-line-height: 16px;\n--wpforms-button-size-font-size: 14px;\n--wpforms-button-size-height: 37px;\n--wpforms-button-size-padding-h: 15px;\n--wpforms-button-size-margin-top: 5px;\n\t\t\t}\n\t\t\t<\/style><div class=\"wpforms-container wpforms-container-full wpforms-render-modern\" id=\"wpforms-68\"><form id=\"wpforms-form-68\" class=\"wpforms-validate wpforms-form wpforms-ajax-form\" data-formid=\"68\" method=\"post\" enctype=\"multipart\/form-data\" action=\"\/index.php\/wp-json\/wp\/v2\/pages\/15\" data-token=\"1b318bb6f12965d2f9416bcb9377f807\" data-token-time=\"1776619389\"><noscript class=\"wpforms-error-noscript\">Aby wype\u0142ni\u0107 ten formularz, w\u0142\u0105cz obs\u0142ug\u0119 JavaScript w przegl\u0105darce.<\/noscript><div id=\"wpforms-error-noscript\" style=\"display: none;\">Aby wype\u0142ni\u0107 ten formularz, w\u0142\u0105cz obs\u0142ug\u0119 JavaScript w przegl\u0105darce.<\/div><div class=\"wpforms-field-container\"><div id=\"wpforms-68-field_9-container\" class=\"wpforms-field wpforms-field-name\" data-field-id=\"9\"><label class=\"wpforms-field-label\" for=\"wpforms-68-field_9\">Imi\u0119 i nazwisko <span class=\"wpforms-required-label\" aria-hidden=\"true\">*<\/span><\/label><input type=\"text\" id=\"wpforms-68-field_9\" class=\"wpforms-field-medium wpforms-field-required\" name=\"wpforms[fields][9]\" aria-errormessage=\"wpforms-68-field_9-error\" required><\/div><div id=\"wpforms-68-field_10-container\" class=\"wpforms-field wpforms-field-email\" data-field-id=\"10\"><label class=\"wpforms-field-label\" for=\"wpforms-68-field_10\">Adres e-mail <span class=\"wpforms-required-label\" aria-hidden=\"true\">*<\/span><\/label><input type=\"email\" id=\"wpforms-68-field_10\" class=\"wpforms-field-medium wpforms-field-required\" name=\"wpforms[fields][10]\" spellcheck=\"false\" aria-errormessage=\"wpforms-68-field_10-error\" required><\/div><div id=\"wpforms-68-field_2-container\" class=\"wpforms-field wpforms-field-text\" data-field-id=\"2\"><label class=\"wpforms-field-label\" for=\"wpforms-68-field_2\">Lokalizacja inwestycji <span class=\"wpforms-required-label\" aria-hidden=\"true\">*<\/span><\/label><input type=\"text\" id=\"wpforms-68-field_2\" class=\"wpforms-field-medium wpforms-field-required\" name=\"wpforms[fields][2]\" aria-errormessage=\"wpforms-68-field_2-error\" aria-describedby=\"wpforms-68-field_2-description\" required><div id=\"wpforms-68-field_2-description\" class=\"wpforms-field-description\">Wojew\u00f3dztwo, miasto <\/div><\/div><div id=\"wpforms-68-field_1-container\" class=\"wpforms-field wpforms-field-number\" data-field-id=\"1\"><label class=\"wpforms-field-label\" for=\"wpforms-68-field_1\">Powierzchnia dzia\u0142ki (wraz z budynkiem) <span class=\"wpforms-required-label\" aria-hidden=\"true\">*<\/span><\/label><input type=\"number\" id=\"wpforms-68-field_1\" class=\"wpforms-field-medium wpforms-field-required\" name=\"wpforms[fields][1]\" step=\"any\" aria-errormessage=\"wpforms-68-field_1-error\" aria-describedby=\"wpforms-68-field_1-description\" required><div id=\"wpforms-68-field_1-description\" class=\"wpforms-field-description\">Podaj prosz\u0119 r\u00f3wnie\u017c powierzchni\u0119 zabudowy... <\/div><\/div><div id=\"wpforms-68-field_11-container\" class=\"wpforms-field wpforms-field-radio\" data-field-id=\"11\"><fieldset><legend class=\"wpforms-field-label\">Stan obecny dzia\u0142ki <span class=\"wpforms-required-label\" aria-hidden=\"true\">*<\/span><\/legend><ul id=\"wpforms-68-field_11\" class=\"wpforms-randomize wpforms-field-required\"><li class=\"choice-1 depth-1\"><input type=\"radio\" id=\"wpforms-68-field_11_1\" name=\"wpforms[fields][11]\" value=\"Pusta dzia\u0142ka (nowa inwestycja)\" aria-errormessage=\"wpforms-68-field_11_1-error\" required ><label class=\"wpforms-field-label-inline\" for=\"wpforms-68-field_11_1\">Pusta dzia\u0142ka (nowa inwestycja)<\/label><\/li><li class=\"choice-2 depth-1\"><input type=\"radio\" id=\"wpforms-68-field_11_2\" name=\"wpforms[fields][11]\" value=\"Cz\u0119\u015bciowo zagospodarowana (trawnik, nasadzenia, \u015bcie\u017cki)\" aria-errormessage=\"wpforms-68-field_11_2-error\" required ><label class=\"wpforms-field-label-inline\" for=\"wpforms-68-field_11_2\">Cz\u0119\u015bciowo zagospodarowana (trawnik, nasadzenia, \u015bcie\u017cki)<\/label><\/li><li class=\"choice-3 depth-1\"><input type=\"radio\" id=\"wpforms-68-field_11_3\" name=\"wpforms[fields][11]\" value=\"W pe\u0142ni urz\u0105dzony ogr\u00f3d (potrzebna modernizacja)\" aria-errormessage=\"wpforms-68-field_11_3-error\" required ><label class=\"wpforms-field-label-inline\" for=\"wpforms-68-field_11_3\">W pe\u0142ni urz\u0105dzony ogr\u00f3d (potrzebna modernizacja)<\/label><\/li><li class=\"choice-5 depth-1\"><input type=\"radio\" id=\"wpforms-68-field_11_5\" name=\"wpforms[fields][11]\" value=\"Teren ze spadkiem \/ skarp\u0105\" aria-errormessage=\"wpforms-68-field_11_5-error\" required ><label class=\"wpforms-field-label-inline\" for=\"wpforms-68-field_11_5\">Teren ze spadkiem \/ skarp\u0105<\/label><\/li><li class=\"choice-6 depth-1\"><input type=\"radio\" id=\"wpforms-68-field_11_6\" name=\"wpforms[fields][11]\" value=\"Du\u017ca ilo\u015b\u0107 drzew lub istniej\u0105cej ro\u015blinno\u015bci\" aria-errormessage=\"wpforms-68-field_11_6-error\" required ><label class=\"wpforms-field-label-inline\" for=\"wpforms-68-field_11_6\">Du\u017ca ilo\u015b\u0107 drzew lub istniej\u0105cej ro\u015blinno\u015bci<\/label><\/li><li class=\"choice-4 depth-1 wpforms-other-choice wpforms-selected\"><input type=\"radio\" id=\"wpforms-68-field_11_4\" data-other-choice=\"true\" name=\"wpforms[fields][11]\" value=\"Inne\" aria-errormessage=\"wpforms-68-field_11_4-error\" required  checked='checked'><label class=\"wpforms-field-label-inline\" for=\"wpforms-68-field_11_4\">Inne<\/label><\/li><\/ul><input type=\"text\" id=\"wpforms-68-field_11_other\" class=\"wpforms-other-input wpforms-field-required wpforms-field-medium\" name=\"wpforms[fields][11][other]\" placeholder=\"opisz co znajduje si\u0119 na dzia\u0142ce np. ogrodzenie, podjazdy, plac zabaw, altana, wrazywnik i in. elementy do wkomponowania\/ przeprojektowania \" required><\/fieldset><\/div><div id=\"wpforms-68-field_12-container\" class=\"wpforms-field wpforms-field-checkbox\" data-field-id=\"12\"><fieldset><legend class=\"wpforms-field-label\">Zakres projektu <span class=\"wpforms-required-label\" aria-hidden=\"true\">*<\/span><\/legend><ul id=\"wpforms-68-field_12\" class=\"wpforms-field-required\"><li class=\"choice-1 depth-1\"><input type=\"checkbox\" id=\"wpforms-68-field_12_1\" name=\"wpforms[fields][12][]\" value=\"Kompleksowy projekt ro\u015blinno\u015bci\" aria-errormessage=\"wpforms-68-field_12_1-error\" required ><label class=\"wpforms-field-label-inline\" for=\"wpforms-68-field_12_1\">Kompleksowy projekt ro\u015blinno\u015bci<\/label><\/li><li class=\"choice-2 depth-1\"><input type=\"checkbox\" id=\"wpforms-68-field_12_2\" name=\"wpforms[fields][12][]\" value=\"Projekt nawierzchni i ci\u0105g\u00f3w komunikacyjnych\" aria-errormessage=\"wpforms-68-field_12_2-error\" required ><label class=\"wpforms-field-label-inline\" for=\"wpforms-68-field_12_2\">Projekt nawierzchni i ci\u0105g\u00f3w komunikacyjnych<\/label><\/li><li class=\"choice-3 depth-1\"><input type=\"checkbox\" id=\"wpforms-68-field_12_3\" name=\"wpforms[fields][12][]\" value=\"Projekt o\u015bwietlenia\" aria-errormessage=\"wpforms-68-field_12_3-error\" required ><label class=\"wpforms-field-label-inline\" for=\"wpforms-68-field_12_3\">Projekt o\u015bwietlenia<\/label><\/li><li class=\"choice-4 depth-1\"><input type=\"checkbox\" id=\"wpforms-68-field_12_4\" name=\"wpforms[fields][12][]\" value=\"Projekt nawodnienia\" aria-errormessage=\"wpforms-68-field_12_4-error\" required ><label class=\"wpforms-field-label-inline\" for=\"wpforms-68-field_12_4\">Projekt nawodnienia<\/label><\/li><li class=\"choice-9 depth-1\"><input type=\"checkbox\" id=\"wpforms-68-field_12_9\" name=\"wpforms[fields][12][]\" value=\"Taras wypoczynkowy\/ rekreacyjny\" aria-errormessage=\"wpforms-68-field_12_9-error\" required ><label class=\"wpforms-field-label-inline\" for=\"wpforms-68-field_12_9\">Taras wypoczynkowy\/ rekreacyjny<\/label><\/li><li class=\"choice-5 depth-1\"><input type=\"checkbox\" id=\"wpforms-68-field_12_5\" name=\"wpforms[fields][12][]\" value=\"Altana\" aria-errormessage=\"wpforms-68-field_12_5-error\" required ><label class=\"wpforms-field-label-inline\" for=\"wpforms-68-field_12_5\">Altana<\/label><\/li><li class=\"choice-6 depth-1\"><input type=\"checkbox\" id=\"wpforms-68-field_12_6\" name=\"wpforms[fields][12][]\" value=\"Warzywnik, kuchnia ogrodowa\" aria-errormessage=\"wpforms-68-field_12_6-error\" required ><label class=\"wpforms-field-label-inline\" for=\"wpforms-68-field_12_6\">Warzywnik, kuchnia ogrodowa<\/label><\/li><li class=\"choice-7 depth-1\"><input type=\"checkbox\" id=\"wpforms-68-field_12_7\" name=\"wpforms[fields][12][]\" value=\"Plac zabaw in. elementy aktywnej rekreacji np. boisko, kort\" aria-errormessage=\"wpforms-68-field_12_7-error\" required ><label class=\"wpforms-field-label-inline\" for=\"wpforms-68-field_12_7\">Plac zabaw in. elementy aktywnej rekreacji np. boisko, kort<\/label><\/li><li class=\"choice-8 depth-1\"><input type=\"checkbox\" id=\"wpforms-68-field_12_8\" name=\"wpforms[fields][12][]\" value=\"Elementy wodne (basen, staw k\u0105pielowy, ciek wodny)\" aria-errormessage=\"wpforms-68-field_12_8-error\" required ><label class=\"wpforms-field-label-inline\" for=\"wpforms-68-field_12_8\">Elementy wodne (basen, staw k\u0105pielowy, ciek wodny)<\/label><\/li><li class=\"choice-10 depth-1\"><input type=\"checkbox\" id=\"wpforms-68-field_12_10\" name=\"wpforms[fields][12][]\" value=\"Samotnia, strefa do pracy\" aria-errormessage=\"wpforms-68-field_12_10-error\" required ><label class=\"wpforms-field-label-inline\" for=\"wpforms-68-field_12_10\">Samotnia, strefa do pracy<\/label><\/li><li class=\"choice-12 depth-1\"><input type=\"checkbox\" id=\"wpforms-68-field_12_12\" name=\"wpforms[fields][12][]\" value=\"Wizualizacje\" aria-errormessage=\"wpforms-68-field_12_12-error\" required ><label class=\"wpforms-field-label-inline\" for=\"wpforms-68-field_12_12\">Wizualizacje<\/label><\/li><\/ul><\/fieldset><\/div><div id=\"wpforms-68-field_3-container\" class=\"wpforms-field wpforms-field-text\" data-field-id=\"3\"><label class=\"wpforms-field-label\" for=\"wpforms-68-field_3\">Inne elementy do zagospodarowania<\/label><input type=\"text\" id=\"wpforms-68-field_3\" class=\"wpforms-field-medium\" name=\"wpforms[fields][3]\" aria-errormessage=\"wpforms-68-field_3-error\" ><\/div><div id=\"wpforms-68-field_4-container\" class=\"wpforms-field wpforms-field-text\" data-field-id=\"4\"><label class=\"wpforms-field-label\" for=\"wpforms-68-field_4\">Kr\u00f3tki opis Twoich oczekiwa\u0144 <span class=\"wpforms-required-label\" aria-hidden=\"true\">*<\/span><\/label><input type=\"text\" id=\"wpforms-68-field_4\" class=\"wpforms-field-medium wpforms-field-required\" name=\"wpforms[fields][4]\" aria-errormessage=\"wpforms-68-field_4-error\" aria-describedby=\"wpforms-68-field_4-description\" required><div id=\"wpforms-68-field_4-description\" class=\"wpforms-field-description\">Styl ogrodu, kolorystyka, planowany spos\u00f3b korzystania z ogrodowej przestrzeni etc.<\/div><\/div><div id=\"wpforms-68-field_5-container\" class=\"wpforms-field wpforms-field-number\" data-field-id=\"5\"><label class=\"wpforms-field-label\" for=\"wpforms-68-field_5\">Termin realizacji<\/label><input type=\"number\" id=\"wpforms-68-field_5\" class=\"wpforms-field-medium\" name=\"wpforms[fields][5]\" step=\"any\" aria-errormessage=\"wpforms-68-field_5-error\" aria-describedby=\"wpforms-68-field_5-description\" ><div id=\"wpforms-68-field_5-description\" class=\"wpforms-field-description\">np. wiosna 2027<\/div><\/div>\t\t<div id=\"wpforms-68-field_6-container\"\n\t\t\tclass=\"wpforms-field wpforms-field-text\"\n\t\t\tdata-field-type=\"text\"\n\t\t\tdata-field-id=\"6\"\n\t\t\t>\n\t\t\t<label class=\"wpforms-field-label\" for=\"wpforms-68-field_6\" >Inne Termin dzia\u0142ki<\/label>\n\t\t\t<input type=\"text\" id=\"wpforms-68-field_6\" class=\"wpforms-field-medium\" name=\"wpforms[fields][6]\" >\n\t\t<\/div>\n\t\t<div id=\"wpforms-68-field_13-container\" class=\"wpforms-field wpforms-field-checkbox\" data-field-id=\"13\"><fieldset><legend class=\"wpforms-field-label\">Zgoda RODO <span class=\"wpforms-required-label\" aria-hidden=\"true\">*<\/span><\/legend><ul id=\"wpforms-68-field_13\" class=\"wpforms-field-required\"><li class=\"choice-1 depth-1\"><input type=\"checkbox\" id=\"wpforms-68-field_13_1\" name=\"wpforms[fields][13][]\" value=\"Wyra\u017cam zgod\u0119 na przetwarzanie moich danych osobowych w celu kontaktu oraz przygotowania oferty projektu ogrodu.*\" aria-errormessage=\"wpforms-68-field_13_1-error\" aria-describedby=\"wpforms-68-field_13-description\" required ><label class=\"wpforms-field-label-inline\" for=\"wpforms-68-field_13_1\">Wyra\u017cam zgod\u0119 na przetwarzanie moich danych osobowych w celu kontaktu oraz przygotowania oferty projektu ogrodu.*<\/label><\/li><\/ul><div id=\"wpforms-68-field_13-description\" class=\"wpforms-field-description\">*Zgod\u0119 mo\u017cna wycofa\u0107 w dowolnym momencie. Wi\u0119cej informacji w zak\u0142adce Polityka prywatno\u015bci\n\n<\/div><\/fieldset><\/div><div id=\"wpforms-68-field_18-container\" class=\"wpforms-field wpforms-field-radio\" data-field-id=\"18\"><fieldset><legend class=\"wpforms-field-label\">Wst\u0119pn\u0105 wycen\u0119 otrzymasz mailowo w ci\u0105gu 1-2 dni roboczych<\/legend><ul id=\"wpforms-68-field_18\"><li class=\"choice-1 depth-1\"><input type=\"radio\" id=\"wpforms-68-field_18_1\" name=\"wpforms[fields][18]\" value=\"Zgadzam si\u0119\" aria-errormessage=\"wpforms-68-field_18_1-error\"  ><label class=\"wpforms-field-label-inline\" for=\"wpforms-68-field_18_1\">Zgadzam si\u0119<\/label><\/li><\/ul><\/fieldset><\/div><script>\n\t\t\t\t( function() {\n\t\t\t\t\tconst style = document.createElement( 'style' );\n\t\t\t\t\tstyle.appendChild( document.createTextNode( '#wpforms-68-field_6-container { position: absolute !important; overflow: hidden !important; display: inline !important; height: 1px !important; width: 1px !important; z-index: -1000 !important; padding: 0 !important; } #wpforms-68-field_6-container input { visibility: hidden; } #wpforms-conversational-form-page #wpforms-68-field_6-container label { counter-increment: none; }' ) );\n\t\t\t\t\tdocument.head.appendChild( style );\n\t\t\t\t\tdocument.currentScript?.remove();\n\t\t\t\t} )();\n\t\t\t<\/script><\/div><!-- .wpforms-field-container --><div class=\"wpforms-submit-container\" ><input type=\"hidden\" name=\"wpforms[id]\" value=\"68\"><input type=\"hidden\" name=\"page_title\" value=\"\"><input type=\"hidden\" name=\"page_url\" value=\"https:\/\/wmoimogrodzie.com\/index.php\/wp-json\/wp\/v2\/pages\/15\"><input type=\"hidden\" name=\"url_referer\" value=\"\"><button type=\"submit\" name=\"wpforms[submit]\" id=\"wpforms-submit-68\" class=\"wpforms-submit\" data-alt-text=\"Wysy\u0142am...\" data-submit-text=\"Wy\u015blij \" aria-live=\"assertive\" value=\"wpforms-submit\">Wy\u015blij <\/button><img decoding=\"async\" src=\"https:\/\/wmoimogrodzie.com\/wp-content\/plugins\/wpforms-lite\/assets\/images\/submit-spin.svg\" class=\"wpforms-submit-spinner\" style=\"display: none;\" width=\"26\" height=\"26\" alt=\"Wczytywanie\"><\/div><\/form><\/div>  <!-- .wpforms-container -->\t\t\t\t<\/div>\n\t\t\t\t<\/div>\n\t\t\t\t\t<\/div>\n\t\t\t\t<\/div>\n\t\t\t\t<\/div>\n\t\t","protected":false},"excerpt":{"rendered":"<p>Z przyjemno\u015bci\u0105 odpowiemy na wszystkie pytania dotycz\u0105ce projektowania i aran\u017cacji ogrod\u00f3w. W Moim Ogrodzie \ud83d\udce7 E-mail: biuro@wmoimogrodzie.com \ud83d\udcde\u00a0Tel.: +48 502 358 795 \/ 505 317 339 \ud83d\udd52\u00a0Poniedzia\u0142ek\u2013Pi\u0105tek: 10:00\u201318:00 \ud83d\udd52\u00a0Sobota: 10:00\u201312:00 Na maile zwykle odpowiadamy w ci\u0105gu 1-2 dni roboczych Zale\u017cy nam, aby ka\u017cda wiadomo\u015b\u0107 od Pa\u0144stwa zosta\u0142a zauwa\u017cona, dlatego prosimy o kontakt wy\u0142\u0105cznie mailowy lub &hellip; <\/p>\n<p class=\"link-more\"><a href=\"https:\/\/wmoimogrodzie.com\/index.php\/kontakt\/\" class=\"more-link\">Czytaj dalej<span class=\"screen-reader-text\"> \u201eKontakt\u201d<\/span><\/a><\/p>\n","protected":false},"author":1,"featured_media":0,"parent":0,"menu_order":0,"comment_status":"closed","ping_status":"closed","template":"","meta":{"_kadence_starter_templates_imported_post":false,"footnotes":""},"class_list":["post-15","page","type-page","status-publish","hentry"],"_links":{"self":[{"href":"https:\/\/wmoimogrodzie.com\/index.php\/wp-json\/wp\/v2\/pages\/15","targetHints":{"allow":["GET"]}}],"collection":[{"href":"https:\/\/wmoimogrodzie.com\/index.php\/wp-json\/wp\/v2\/pages"}],"about":[{"href":"https:\/\/wmoimogrodzie.com\/index.php\/wp-json\/wp\/v2\/types\/page"}],"author":[{"embeddable":true,"href":"https:\/\/wmoimogrodzie.com\/index.php\/wp-json\/wp\/v2\/users\/1"}],"replies":[{"embeddable":true,"href":"https:\/\/wmoimogrodzie.com\/index.php\/wp-json\/wp\/v2\/comments?post=15"}],"version-history":[{"count":7,"href":"https:\/\/wmoimogrodzie.com\/index.php\/wp-json\/wp\/v2\/pages\/15\/revisions"}],"predecessor-version":[{"id":189,"href":"https:\/\/wmoimogrodzie.com\/index.php\/wp-json\/wp\/v2\/pages\/15\/revisions\/189"}],"wp:attachment":[{"href":"https:\/\/wmoimogrodzie.com\/index.php\/wp-json\/wp\/v2\/media?parent=15"}],"curies":[{"name":"wp","href":"https:\/\/api.w.org\/{rel}","templated":true}]}}