{"id":14,"date":"2025-11-07T06:51:16","date_gmt":"2025-11-07T05:51:16","guid":{"rendered":"https:\/\/serwer396036.lh.pl\/autoinstalator\/serwer396036.lh.pl\/wordpress140763\/?page_id=14"},"modified":"2025-11-15T06:31:09","modified_gmt":"2025-11-15T05:31:09","slug":"informacje","status":"publish","type":"page","link":"https:\/\/wmoimogrodzie.com\/index.php\/informacje\/","title":{"rendered":"Portfolio"},"content":{"rendered":"\n<figure class=\"wp-block-video\"><video height=\"720\" style=\"aspect-ratio: 1280 \/ 720;\" width=\"1280\" controls src=\"https:\/\/serwer396036.lh.pl\/autoinstalator\/serwer396036.lh.pl\/wordpress140763\/wp-content\/uploads\/2025\/11\/Timeline-w.mp4\"><\/video><\/figure>\n\n\n\n<figure class=\"wp-block-gallery has-nested-images columns-default is-cropped wp-block-gallery-1 is-layout-flex wp-block-gallery-is-layout-flex\">\n<figure class=\"wp-block-image size-large\"><img fetchpriority=\"high\" decoding=\"async\" width=\"1024\" height=\"614\" data-id=\"274\" src=\"http:\/\/serwer396036.lh.pl\/autoinstalator\/serwer396036.lh.pl\/wordpress140763\/wp-content\/uploads\/2025\/11\/projektowanie-nowoczesnych-miejskich-malych-ogrodow-1024x614.jpg\" alt=\"ogr\u00f3d ma\u0142y nowoczesny z trawami ozdobnymi\" class=\"wp-image-274\" srcset=\"https:\/\/wmoimogrodzie.com\/wp-content\/uploads\/2025\/11\/projektowanie-nowoczesnych-miejskich-malych-ogrodow-1024x614.jpg 1024w, https:\/\/wmoimogrodzie.com\/wp-content\/uploads\/2025\/11\/projektowanie-nowoczesnych-miejskich-malych-ogrodow-300x180.jpg 300w, https:\/\/wmoimogrodzie.com\/wp-content\/uploads\/2025\/11\/projektowanie-nowoczesnych-miejskich-malych-ogrodow-768x461.jpg 768w, https:\/\/wmoimogrodzie.com\/wp-content\/uploads\/2025\/11\/projektowanie-nowoczesnych-miejskich-malych-ogrodow-1536x922.jpg 1536w, https:\/\/wmoimogrodzie.com\/wp-content\/uploads\/2025\/11\/projektowanie-nowoczesnych-miejskich-malych-ogrodow.webp 1920w\" sizes=\"(max-width: 767px) 89vw, (max-width: 1000px) 54vw, (max-width: 1071px) 543px, 580px\" \/><\/figure>\n\n\n\n<figure class=\"wp-block-image size-large\"><img decoding=\"async\" width=\"1024\" height=\"576\" data-id=\"283\" src=\"http:\/\/serwer396036.lh.pl\/autoinstalator\/serwer396036.lh.pl\/wordpress140763\/wp-content\/uploads\/2025\/11\/projektowanie-aranzowanie-ogrodow-tarasow-na-dachach-1024x576.png\" alt=\"\" class=\"wp-image-283\" srcset=\"https:\/\/wmoimogrodzie.com\/wp-content\/uploads\/2025\/11\/projektowanie-aranzowanie-ogrodow-tarasow-na-dachach-1024x576.png 1024w, https:\/\/wmoimogrodzie.com\/wp-content\/uploads\/2025\/11\/projektowanie-aranzowanie-ogrodow-tarasow-na-dachach-300x169.png 300w, https:\/\/wmoimogrodzie.com\/wp-content\/uploads\/2025\/11\/projektowanie-aranzowanie-ogrodow-tarasow-na-dachach-768x432.png 768w, https:\/\/wmoimogrodzie.com\/wp-content\/uploads\/2025\/11\/projektowanie-aranzowanie-ogrodow-tarasow-na-dachach.png 1280w\" sizes=\"(max-width: 767px) 89vw, (max-width: 1000px) 54vw, (max-width: 1071px) 543px, 580px\" \/><\/figure>\n\n\n\n<figure class=\"wp-block-image size-large\"><img decoding=\"async\" width=\"1024\" height=\"576\" data-id=\"263\" src=\"http:\/\/serwer396036.lh.pl\/autoinstalator\/serwer396036.lh.pl\/wordpress140763\/wp-content\/uploads\/2025\/11\/projektowanie-nowoczesnych-ogrodow-architekt-krajobrazu-1024x576.webp\" alt=\"\" class=\"wp-image-263\" srcset=\"https:\/\/wmoimogrodzie.com\/wp-content\/uploads\/2025\/11\/projektowanie-nowoczesnych-ogrodow-architekt-krajobrazu-1024x576.webp 1024w, https:\/\/wmoimogrodzie.com\/wp-content\/uploads\/2025\/11\/projektowanie-nowoczesnych-ogrodow-architekt-krajobrazu-300x169.webp 300w, https:\/\/wmoimogrodzie.com\/wp-content\/uploads\/2025\/11\/projektowanie-nowoczesnych-ogrodow-architekt-krajobrazu-768x432.webp 768w, https:\/\/wmoimogrodzie.com\/wp-content\/uploads\/2025\/11\/projektowanie-nowoczesnych-ogrodow-architekt-krajobrazu.webp 1200w\" sizes=\"(max-width: 767px) 89vw, (max-width: 1000px) 54vw, (max-width: 1071px) 543px, 580px\" \/><\/figure>\n<\/figure>\n\n\n\n<p>Zajrzyj do naszych realizacji i zobacz, jak wygl\u0105daj\u0105 ogrody, kt\u00f3re maj\u0105 dusz\u0119.<br>Ka\u017cdy z nich to inna historia, ale wszystkie \u0142\u0105czy mi\u0142o\u015b\u0107 do zieleni i harmonii.<\/p>\n\n\n\n<div class=\"wp-block-buttons is-layout-flex wp-block-buttons-is-layout-flex\">\n<div class=\"wp-block-button is-style-fill\"><a class=\"wp-block-button__link has-black-color has-cyan-bluish-gray-background-color has-text-color has-background has-link-color has-medium-font-size has-custom-font-size wp-element-button\" href=\"https:\/\/wmoimogrodzie.com\/index.php\/portfolio\/\" style=\"border-radius:19px\" target=\"_blank\" rel=\"noreferrer noopener\"><strong>Sprawd\u017a nasze portfolio<\/strong><\/a><\/div>\n<\/div>\n","protected":false},"excerpt":{"rendered":"<p>Zajrzyj do naszych realizacji i zobacz, jak wygl\u0105daj\u0105 ogrody, kt\u00f3re maj\u0105 dusz\u0119.Ka\u017cdy z nich to inna historia, ale wszystkie \u0142\u0105czy mi\u0142o\u015b\u0107 do zieleni i harmonii.<\/p>\n","protected":false},"author":1,"featured_media":421,"parent":0,"menu_order":0,"comment_status":"closed","ping_status":"closed","template":"","meta":{"_kadence_starter_templates_imported_post":false,"footnotes":""},"class_list":["post-14","page","type-page","status-publish","has-post-thumbnail","hentry"],"_links":{"self":[{"href":"https:\/\/wmoimogrodzie.com\/index.php\/wp-json\/wp\/v2\/pages\/14","targetHints":{"allow":["GET"]}}],"collection":[{"href":"https:\/\/wmoimogrodzie.com\/index.php\/wp-json\/wp\/v2\/pages"}],"about":[{"href":"https:\/\/wmoimogrodzie.com\/index.php\/wp-json\/wp\/v2\/types\/page"}],"author":[{"embeddable":true,"href":"https:\/\/wmoimogrodzie.com\/index.php\/wp-json\/wp\/v2\/users\/1"}],"replies":[{"embeddable":true,"href":"https:\/\/wmoimogrodzie.com\/index.php\/wp-json\/wp\/v2\/comments?post=14"}],"version-history":[{"count":17,"href":"https:\/\/wmoimogrodzie.com\/index.php\/wp-json\/wp\/v2\/pages\/14\/revisions"}],"predecessor-version":[{"id":417,"href":"https:\/\/wmoimogrodzie.com\/index.php\/wp-json\/wp\/v2\/pages\/14\/revisions\/417"}],"wp:featuredmedia":[{"embeddable":true,"href":"https:\/\/wmoimogrodzie.com\/index.php\/wp-json\/wp\/v2\/media\/421"}],"wp:attachment":[{"href":"https:\/\/wmoimogrodzie.com\/index.php\/wp-json\/wp\/v2\/media?parent=14"}],"curies":[{"name":"wp","href":"https:\/\/api.w.org\/{rel}","templated":true}]}}